{"id":757,"date":"2026-02-11T12:37:05","date_gmt":"2026-02-11T12:37:05","guid":{"rendered":"https:\/\/rcendurancecoaching.com\/?page_id=757"},"modified":"2026-02-11T12:55:27","modified_gmt":"2026-02-11T12:55:27","slug":"three-reasons-to-do-vo%e2%82%82-max-metabolic-testing","status":"publish","type":"page","link":"https:\/\/rcendurancecoaching.com\/sl\/three-reasons-to-do-vo%e2%82%82-max-metabolic-testing\/","title":{"rendered":"BLOG no. 1"},"content":{"rendered":"<div data-elementor-type=\"wp-page\" data-elementor-id=\"757\" class=\"elementor elementor-757\">\n\t\t\t\t<div class=\"elementor-element elementor-element-981389f e-flex e-con-boxed e-con e-parent\" data-id=\"981389f\" data-element_type=\"container\">\n\t\t\t\t\t<div class=\"e-con-inner\">\n\t\t\t\t<div class=\"elementor-element elementor-element-a1a8b56 elementor-widget elementor-widget-elementskit-heading\" data-id=\"a1a8b56\" data-element_type=\"widget\" data-widget_type=\"elementskit-heading.default\">\n\t\t\t\t<div class=\"elementor-widget-container\">\n\t\t\t\t\t<div class=\"ekit-wid-con\" ><div class=\"ekit-heading elementskit-section-title-wraper    ekit_heading_tablet-   ekit_heading_mobile-\"><h2 class=\"ekit-heading--title elementskit-section-title\">TRIJE RAZLOGI, ZAKAJ OPRAVITI <span style=\"color:#FFFFFF;background-color:#163772;font-weight: 800\">VO2 MAX METABOLNO TESTIRANJE<\/span><\/h2><\/div><\/div>\t\t\t\t<\/div>\n\t\t\t\t<\/div>\n\t\t\t\t<div class=\"elementor-element elementor-element-28ebb6e elementor-widget elementor-widget-text-editor\" data-id=\"28ebb6e\" data-element_type=\"widget\" data-widget_type=\"text-editor.default\">\n\t\t\t\t<div class=\"elementor-widget-container\">\n\t\t\t\t\t\t\t\t\t<p><span style=\"font-weight: 400;\">Si resen vzdr\u017eljivostni \u0161portnik in si v novi sezoni \u017eeli\u0161 dvigniti nivo treninga in tekmovanja? Spodaj najde\u0161 tri razloge, zakaj sam mislim, da je metabolno testiranje v tem procesu klju\u010dno in kako ti lahko pomaga pri doseganju bolj\u0161ih rezultatov.<\/span><\/p>\t\t\t\t\t\t\t\t<\/div>\n\t\t\t\t<\/div>\n\t\t\t\t<div class=\"elementor-element elementor-element-cde9ed8 elementor-widget elementor-widget-elementskit-heading\" data-id=\"cde9ed8\" data-element_type=\"widget\" data-widget_type=\"elementskit-heading.default\">\n\t\t\t\t<div class=\"elementor-widget-container\">\n\t\t\t\t\t<div class=\"ekit-wid-con\" ><div class=\"ekit-heading elementskit-section-title-wraper    ekit_heading_tablet-   ekit_heading_mobile-\"><h2 class=\"ekit-heading--title elementskit-section-title\">1. ZANESLJIVO SPREMLJANJE NAPREDKA IN LA\u017dJA OPTIMIZACIJA TRENINGA<\/h2><\/div><\/div>\t\t\t\t<\/div>\n\t\t\t\t<\/div>\n\t\t\t\t<div class=\"elementor-element elementor-element-95820b0 elementor-widget elementor-widget-text-editor\" data-id=\"95820b0\" data-element_type=\"widget\" data-widget_type=\"text-editor.default\">\n\t\t\t\t<div class=\"elementor-widget-container\">\n\t\t\t\t\t\t\t\t\t<p><span style=\"font-weight: 400;\">Vzdr\u017eljivostni \u0161portniki trena\u017eni proces vedno usmerjamo k enemu samemu cilju: Kako na dan tekme najhitreje priti od \u0161tarta do cilja? Merjenje napredka je torej enostavno - bolj\u0161i \u010das = napredek, kar seveda dr\u017ei, a je na podlagi tega zelo te\u017eko optimizirati trena\u017eni proces.<\/span><\/p><p><span style=\"font-weight: 400;\">Hitrej\u0161i \u010das na tekmi je odvisen od ve\u010d dejavnikov in bolje kot se zavedamo, katere smo s treningom izbolj\u0161ali, la\u017eje bomo rezultate ponovili oziroma izbolj\u0161ali - to nam omogo\u010di redno metabolno testiranje, saj z njim to\u010dno izvemo, ali:<\/span><\/p><ul><li style=\"font-weight: 400;\" aria-level=\"1\"><span style=\"font-weight: 400;\">se je zvi\u0161al Vo2max,<\/span><\/li><li style=\"font-weight: 400;\" aria-level=\"1\"><span style=\"font-weight: 400;\">se je vi\u0161je ali ni\u017eje pomaknil kateri od ventilacijskih pragov,<\/span><\/li><li style=\"font-weight: 400;\" aria-level=\"1\"><span style=\"font-weight: 400;\">smo postali bolj ekonomi\u010dni.<\/span><\/li><\/ul>\t\t\t\t\t\t\t\t<\/div>\n\t\t\t\t<\/div>\n\t\t\t\t<div class=\"elementor-element elementor-element-0368f76 elementor-widget elementor-widget-elementskit-heading\" data-id=\"0368f76\" data-element_type=\"widget\" data-widget_type=\"elementskit-heading.default\">\n\t\t\t\t<div class=\"elementor-widget-container\">\n\t\t\t\t\t<div class=\"ekit-wid-con\" ><div class=\"ekit-heading elementskit-section-title-wraper    ekit_heading_tablet-   ekit_heading_mobile-\"><h2 class=\"ekit-heading--title elementskit-section-title\">NATAN\u010cNO DOLO\u010cENA TRENA\u017dNA OBMO\u010cJA INTENTIVNOSTI<\/h2><\/div><\/div>\t\t\t\t<\/div>\n\t\t\t\t<\/div>\n\t\t\t\t<div class=\"elementor-element elementor-element-a255476 elementor-widget elementor-widget-text-editor\" data-id=\"a255476\" data-element_type=\"widget\" data-widget_type=\"text-editor.default\">\n\t\t\t\t<div class=\"elementor-widget-container\">\n\t\t\t\t\t\t\t\t\t<p><span style=\"font-weight: 400;\">Vsak vzdr\u017eljivostni \u0161portnik na nek na\u010din meri intenzivnost treningov. Nekatere metode so bolj u\u010dinkovite od drugih, ve\u010dina pa uporablja nekaj od teh: senzor sr\u010dnega utripa, hitrost premikanja, merilec mo\u010di, merilec laktata v krvi ali pa preprosto lestvico za ob\u010dutek napora od 1 do 10.<\/span><\/p><p><span style=\"font-weight: 400;\">Nekateri postavitev intenzivnostnih con prepustijo kar pametni uri ali \u0161tevcu, drugi opravijo stopenjski test s pove\u010devanjem obremenitve ali pa dalj\u0161i test npr. 10, 20, 30 min z maksimalnim tempom in na podlagi tega s predpisanimi formulami izra\u010dunajo intenzivnostne cone.<\/span><\/p><p><span style=\"font-weight: 400;\">Za grobo dolo\u010danje obmo\u010dij in za \u0161portnike z majhno koli\u010dino treninga brez velikih tekmovalnih ciljev je to popolnoma dovolj, vendar je napredek v vzdr\u017eljivostnem \u0161portu v veliki meri povezan s pove\u010dano koli\u010dino treninga. Ve\u010dja kot pa je koli\u010dina treninga, bolj postane pomembno, kak\u0161na je razporeditev intenzivnosti na treningih in ali je sploh prava za trenutni nivo pripravljenosti.<\/span><\/p><p><span style=\"font-weight: 400;\">Primer: Dva \u0161portnika lahko z enakim treningom na tekmi dose\u017eeta enak \u010das v teku na 10km, a imata druga\u010dne intenzivnostne cone - eden od njiju je pridobil ve\u010d energije iz anaerobnih procesov, drugi iz aerobnih. Tega brez metabolnega testiranja ne moremo vedeti, nam pa ta informacija lahko zelo pomaga, ko \u017eelimo ugotoviti, kako efektivno trenirati za prihajajo\u010da tekmovanja.<\/span><\/p><p><span style=\"font-weight: 400;\">Z metabolnim testiranjem se intenzivnostne cone natan\u010dno dolo\u010dijo na podlagi individualnih sposobnosti posameznega \u0161portnika in fiziologije njegovega telesa, ne pa na podlagi fiksnih formul v % maksimalnega sr\u010dnega utripa, %FTP ipd.<\/span><\/p>\t\t\t\t\t\t\t\t<\/div>\n\t\t\t\t<\/div>\n\t\t\t\t\t<\/div>\n\t\t\t\t<\/div>\n\t\t<div class=\"elementor-element elementor-element-44d387f e-flex e-con-boxed e-con e-parent\" data-id=\"44d387f\" data-element_type=\"container\">\n\t\t\t\t\t<div class=\"e-con-inner\">\n\t\t<div class=\"elementor-element elementor-element-be1c31c e-con-full e-flex e-con e-child\" data-id=\"be1c31c\" data-element_type=\"container\">\n\t\t\t\t<div class=\"elementor-element elementor-element-6eb8a16 elementor-widget elementor-widget-elementskit-heading\" data-id=\"6eb8a16\" data-element_type=\"widget\" data-widget_type=\"elementskit-heading.default\">\n\t\t\t\t<div class=\"elementor-widget-container\">\n\t\t\t\t\t<div class=\"ekit-wid-con\" ><div class=\"ekit-heading elementskit-section-title-wraper    ekit_heading_tablet-   ekit_heading_mobile-\"><h2 class=\"ekit-heading--title elementskit-section-title\">3. LA\u017dJE PLANIRANJE PREHRANE PRED, MED IN PO TRENINGU ALI TEKMOVANJU<\/h2><\/div><\/div>\t\t\t\t<\/div>\n\t\t\t\t<\/div>\n\t\t\t\t<div class=\"elementor-element elementor-element-6d747d7 elementor-widget elementor-widget-text-editor\" data-id=\"6d747d7\" data-element_type=\"widget\" data-widget_type=\"text-editor.default\">\n\t\t\t\t<div class=\"elementor-widget-container\">\n\t\t\t\t\t\t\t\t\t<p><span style=\"font-weight: 400;\">V zadnjih nekaj letih je pomen prave prehrane eksponentno pridobil pomembnost v vzdr\u017eljivostnem treningu in tekmovanju. Dalj\u0161e kot so preizku\u0161nje in ve\u010dja kot je koli\u010dina treninga, bolj je prehrana pomembna.<\/span><\/p><p><span style=\"font-weight: 400;\">Vi\u0161ja kot je hitrost premikanja, ve\u010d energije potrebujemo za gibanje. To\u010dna koli\u010dina energije pa je seveda odvisna od ve\u010d dejavnikov, kot so te\u017ea \u0161portnika, ekonomi\u010dnost, aerodinami\u010dnost, vi\u0161ina porabe kisika ipd.<\/span><\/p><p><span style=\"font-weight: 400;\">Z metabolnimi meritvami dobimo podatke o koli\u010dini energije (kalorij), ki jo telo potrebuje za gibanje z dolo\u010deno hitrostjo, proizvajanje dolo\u010dene koli\u010dine mo\u010di ipd. Glede na to lahko natan\u010dneje dolo\u010dimo, koliko hrane je smiselno vna\u0161ati v telo glede na intenzivnost treninga ali tekmovanja - dosti la\u017eje od ugibanja in preizku\u0161anja novih prehranskih strategij na tekmah in vseh prebavnih te\u017eav, ki ponavadi spremljajo ta proces<\/span><\/p>\t\t\t\t\t\t\t\t<\/div>\n\t\t\t\t<\/div>\n\t\t\t\t<\/div>\n\t\t<div class=\"elementor-element elementor-element-d41c2c7 e-con-full e-flex e-con e-child\" data-id=\"d41c2c7\" data-element_type=\"container\">\n\t\t\t\t<div class=\"elementor-element elementor-element-da52694 elementor-widget elementor-widget-image\" data-id=\"da52694\" data-element_type=\"widget\" data-widget_type=\"image.default\">\n\t\t\t\t<div class=\"elementor-widget-container\">\n\t\t\t\t\t\t\t\t\t\t\t\t\t\t\t<img fetchpriority=\"high\" decoding=\"async\" width=\"768\" height=\"1024\" src=\"https:\/\/rcendurancecoaching.com\/wp-content\/uploads\/2026\/02\/IMG_4262-768x1024.jpg\" class=\"attachment-large size-large wp-image-762\" alt=\"\" srcset=\"https:\/\/rcendurancecoaching.com\/wp-content\/uploads\/2026\/02\/IMG_4262-768x1024.jpg 768w, https:\/\/rcendurancecoaching.com\/wp-content\/uploads\/2026\/02\/IMG_4262-225x300.jpg 225w, https:\/\/rcendurancecoaching.com\/wp-content\/uploads\/2026\/02\/IMG_4262-1152x1536.jpg 1152w, https:\/\/rcendurancecoaching.com\/wp-content\/uploads\/2026\/02\/IMG_4262-1536x2048.jpg 1536w, https:\/\/rcendurancecoaching.com\/wp-content\/uploads\/2026\/02\/IMG_4262-9x12.jpg 9w, https:\/\/rcendurancecoaching.com\/wp-content\/uploads\/2026\/02\/IMG_4262-scaled.jpg 1920w\" sizes=\"(max-width: 768px) 100vw, 768px\" \/>\t\t\t\t\t\t\t\t\t\t\t\t\t\t\t<\/div>\n\t\t\t\t<\/div>\n\t\t\t\t<\/div>\n\t\t\t\t\t<\/div>\n\t\t\t\t<\/div>\n\t\t<div class=\"elementor-element elementor-element-b211d1b e-flex e-con-boxed e-con e-parent\" data-id=\"b211d1b\" data-element_type=\"container\">\n\t\t\t\t\t<div class=\"e-con-inner\">\n\t\t\t\t<div class=\"elementor-element elementor-element-cd011fc elementor-widget elementor-widget-elementskit-heading\" data-id=\"cd011fc\" data-element_type=\"widget\" data-widget_type=\"elementskit-heading.default\">\n\t\t\t\t<div class=\"elementor-widget-container\">\n\t\t\t\t\t<div class=\"ekit-wid-con\" ><div class=\"ekit-heading elementskit-section-title-wraper    ekit_heading_tablet-   ekit_heading_mobile-\"><h2 class=\"ekit-heading--title elementskit-section-title\">ZAKLJU\u010cEK<\/h2><\/div><\/div>\t\t\t\t<\/div>\n\t\t\t\t<\/div>\n\t\t\t\t<div class=\"elementor-element elementor-element-6468e0f elementor-widget elementor-widget-text-editor\" data-id=\"6468e0f\" data-element_type=\"widget\" data-widget_type=\"text-editor.default\">\n\t\t\t\t<div class=\"elementor-widget-container\">\n\t\t\t\t\t\t\t\t\t<p><span style=\"font-weight: 400;\">VO\u2082 max metabolno testiranje ni rezervirano samo za profesionalce. Je orodje za vse, ki \u017eelijo:<\/span><\/p><ul><li style=\"font-weight: 400;\" aria-level=\"1\"><span style=\"font-weight: 400;\">trenirati pametneje,<\/span><span style=\"font-weight: 400;\"><br \/><\/span><\/li><li style=\"font-weight: 400;\" aria-level=\"1\"><span style=\"font-weight: 400;\">razumeti svoje telo,<\/span><span style=\"font-weight: 400;\"><br \/><\/span><\/li><li style=\"font-weight: 400;\" aria-level=\"1\"><span style=\"font-weight: 400;\">in dolgoro\u010dno izbolj\u0161ati rezultate.<\/span><span style=\"font-weight: 400;\"><br \/><\/span><\/li><\/ul><p><span style=\"font-weight: 400;\">\u010ce \u017eeli\u0161, da vsak trening pomeni korak bli\u017eje tvojih ciljem, je metabolno testiranje prava odlo\u010ditev zate. V kolikor si se med branjem tega zapisa \u017ee odlo\u010dil, da bo\u0161 testiranje opravil, pa mi lahko po\u0161lje\u0161 izpolnjeni obrazec spodaj in se dogovoriva za termin:<\/span><\/p>\t\t\t\t\t\t\t\t<\/div>\n\t\t\t\t<\/div>\n\t\t\t\t\t<\/div>\n\t\t\t\t<\/div>\n\t\t\t\t<\/div>","protected":false},"excerpt":{"rendered":"<p>THREE REASONS TO DO VO2 MAX METABOLIC TESTING Are you a serious endurance athlete who wants to raise the level [&hellip;]<\/p>","protected":false},"author":2,"featured_media":0,"parent":0,"menu_order":0,"comment_status":"closed","ping_status":"closed","template":"","meta":{"postBodyCss":"","postBodyMargin":[],"postBodyPadding":[],"postBodyBackground":{"backgroundType":"classic","gradient":""},"site-sidebar-layout":"no-sidebar","site-content-layout":"","ast-site-content-layout":"full-width-container","site-content-style":"default","site-sidebar-style":"default","ast-global-header-display":"","ast-banner-title-visibility":"","ast-main-header-display":"","ast-hfb-above-header-display":"","ast-hfb-below-header-display":"","ast-hfb-mobile-header-display":"","site-post-title":"disabled","ast-breadcrumbs-content":"","ast-featured-img":"disabled","footer-sml-layout":"","theme-transparent-header-meta":"","adv-header-id-meta":"","stick-header-meta":"","header-above-stick-meta":"","header-main-stick-meta":"","header-below-stick-meta":"","astra-migrate-meta-layouts":"default","ast-page-background-enabled":"default","ast-page-background-meta":{"desktop":{"background-color":"var(--ast-global-color-5)","background-image":"","background-repeat":"repeat","background-position":"center center","background-size":"auto","background-attachment":"scroll","background-type":"","background-media":"","overlay-type":"","overlay-color":"","overlay-opacity":"","overlay-gradient":""},"tablet":{"background-color":"","background-image":"","background-repeat":"repeat","background-position":"center center","background-size":"auto","background-attachment":"scroll","background-type":"","background-media":"","overlay-type":"","overlay-color":"","overlay-opacity":"","overlay-gradient":""},"mobile":{"background-color":"","background-image":"","background-repeat":"repeat","background-position":"center center","background-size":"auto","background-attachment":"scroll","background-type":"","background-media":"","overlay-type":"","overlay-color":"","overlay-opacity":"","overlay-gradient":""}},"ast-content-background-meta":{"desktop":{"background-color":"var(--ast-global-color-4)","background-image":"","background-repeat":"repeat","background-position":"center center","background-size":"auto","background-attachment":"scroll","background-type":"","background-media":"","overlay-type":"","overlay-color":"","overlay-opacity":"","overlay-gradient":""},"tablet":{"background-color":"var(--ast-global-color-4)","background-image":"","background-repeat":"repeat","background-position":"center center","background-size":"auto","background-attachment":"scroll","background-type":"","background-media":"","overlay-type":"","overlay-color":"","overlay-opacity":"","overlay-gradient":""},"mobile":{"background-color":"var(--ast-global-color-4)","background-image":"","background-repeat":"repeat","background-position":"center center","background-size":"auto","background-attachment":"scroll","background-type":"","background-media":"","overlay-type":"","overlay-color":"","overlay-opacity":"","overlay-gradient":""}},"footnotes":""},"class_list":["post-757","page","type-page","status-publish","hentry"],"_links":{"self":[{"href":"https:\/\/rcendurancecoaching.com\/sl\/wp-json\/wp\/v2\/pages\/757","targetHints":{"allow":["GET"]}}],"collection":[{"href":"https:\/\/rcendurancecoaching.com\/sl\/wp-json\/wp\/v2\/pages"}],"about":[{"href":"https:\/\/rcendurancecoaching.com\/sl\/wp-json\/wp\/v2\/types\/page"}],"author":[{"embeddable":true,"href":"https:\/\/rcendurancecoaching.com\/sl\/wp-json\/wp\/v2\/users\/2"}],"replies":[{"embeddable":true,"href":"https:\/\/rcendurancecoaching.com\/sl\/wp-json\/wp\/v2\/comments?post=757"}],"version-history":[{"count":8,"href":"https:\/\/rcendurancecoaching.com\/sl\/wp-json\/wp\/v2\/pages\/757\/revisions"}],"predecessor-version":[{"id":767,"href":"https:\/\/rcendurancecoaching.com\/sl\/wp-json\/wp\/v2\/pages\/757\/revisions\/767"}],"wp:attachment":[{"href":"https:\/\/rcendurancecoaching.com\/sl\/wp-json\/wp\/v2\/media?parent=757"}],"curies":[{"name":"wp","href":"https:\/\/api.w.org\/{rel}","templated":true}]}}